{"id":483,"date":"2025-08-19T13:38:55","date_gmt":"2025-08-19T11:38:55","guid":{"rendered":"https:\/\/vornelbride.de\/shop\/?post_type=product&#038;p=483"},"modified":"2025-10-17T14:19:50","modified_gmt":"2025-10-17T12:19:50","slug":"dijon-wandelbarer-ueberrock-aus-mikado-fuer-brautkleider","status":"publish","type":"product","link":"https:\/\/vornelbride.de\/shop\/produkt\/dijon-wandelbarer-ueberrock-aus-mikado-fuer-brautkleider\/","title":{"rendered":"Dijon \u2013 Wandelbarer \u00dcberrock aus Mikado f\u00fcr Brautkleider"},"content":{"rendered":"<h3 data-start=\"261\" data-end=\"319\">Dijon \u2013 Wandelbarer \u00dcberrock aus Mikado mit Schleppe<\/h3>\n<p data-start=\"321\" data-end=\"373\"><strong data-start=\"321\" data-end=\"371\">Majest\u00e4tische Eleganz f\u00fcr flexible Braut-Looks<\/strong><\/p>\n<p data-start=\"375\" data-end=\"611\">Der \u00dcberrock <strong data-start=\"388\" data-end=\"397\">Dijon<\/strong> verleiht jedem Brautkleid eine eindrucksvolle Wandelbarkeit. Gefertigt aus edlem Mikado mit St\u00fctzt\u00fcll und einer langen Schleppe, verwandelt er schmale Etuikleider in einen glamour\u00f6sen Auftritt f\u00fcr die Zeremonie.<\/p>\n<p data-start=\"613\" data-end=\"855\">Besonders sch\u00f6n harmoniert Dijon mit unserem Kleid <em data-start=\"664\" data-end=\"673\">Orl\u00e9ans<\/em>, wie auf den Bildern zu sehen. Am Tag sorgt er f\u00fcr eine volumin\u00f6se, majest\u00e4tische Silhouette \u2013 am Abend, ohne \u00dcberrock, \u00fcberzeugt das Kleid durch klare Linien und moderne Eleganz.<\/p>\n<p data-start=\"857\" data-end=\"1059\">Doch Dijon ist vielseitig kombinierbar: Er passt auch perfekt zu anderen schlichten Kleidern und schenkt der Braut so zwei Looks in einem \u2013 pomp\u00f6s und romantisch am Tag, schlicht und elegant am Abend.<\/p>\n<hr data-start=\"1198\" data-end=\"1201\" \/>\n<h3 data-start=\"1203\" data-end=\"1216\">Details<\/h3>\n<p data-start=\"1218\" data-end=\"1313\"><strong>\u2714 Modell:<\/strong> 1224DI0009<br data-start=\"1238\" data-end=\"1241\" \/><strong>\u2714 Stil:<\/strong> Volumin\u00f6ser \u00dcberrock mit Schleppe<br data-start=\"1282\" data-end=\"1285\" \/><strong>\u2714 Materialzusammensetzung:<\/strong><\/p>\n<ul>\n<li data-start=\"1314\" data-end=\"1355\">\n<p data-start=\"1316\" data-end=\"1355\"><strong>Oberstoff 1:<\/strong> 100 % Polyester (Mikado)<\/p>\n<\/li>\n<li data-start=\"1356\" data-end=\"1400\">\n<p data-start=\"1358\" data-end=\"1400\"><strong>Oberstoff 2:<\/strong> 100 % Polyester (St\u00fctzt\u00fcll)<\/p>\n<\/li>\n<li data-start=\"1403\" data-end=\"1568\"><strong>Futter:<\/strong> 100 % Polyester (Standardfutter)<\/li>\n<\/ul>\n<p>\u2714 <strong>Besonderheiten:<\/strong> Wandelbarer Look, kombinierbar mit verschiedenen Brautkleidern<br data-start=\"1526\" data-end=\"1529\" \/>\u2714<strong> Gr\u00f6\u00dfen:<\/strong> 34\u201356 im Atelier erh\u00e4ltlich<\/p>\n<hr data-start=\"1570\" data-end=\"1573\" \/>\n<p data-start=\"437\" data-end=\"604\">\u2728 <em data-start=\"439\" data-end=\"602\">Der \u00dcberrock Dijon ist die ideale Wahl f\u00fcr Br\u00e4ute, die Wandelbarkeit sch\u00e4tzen und zwischen pomp\u00f6sem Auftritt und moderner Schlichtheit flexibel wechseln m\u00f6chten.<\/em><\/p>\n","protected":false},"excerpt":{"rendered":"<p data-start=\"262\" data-end=\"431\">Volumin\u00f6ser \u00dcberrock <strong data-start=\"283\" data-end=\"292\">Dijon<\/strong> aus edlem <strong>Mikado<\/strong> \u2013 verwandelt jedes schmale Brautkleid in einen majest\u00e4tischen Auftritt. Auf den Bildern kombiniert mit Kleid <strong><em data-start=\"419\" data-end=\"428\">Orl\u00e9ans<\/em><\/strong>.<\/p>\n","protected":false},"featured_media":487,"comment_status":"open","ping_status":"closed","template":"","meta":[],"product_brand":[],"product_cat":[46,62],"product_tag":[142,115,118,146,147],"class_list":{"0":"post-483","1":"product","2":"type-product","3":"status-publish","4":"has-post-thumbnail","6":"product_cat-brautmode","7":"product_cat-roecke","8":"product_tag-brautmode","9":"product_tag-hochzeit","10":"product_tag-mikado","11":"product_tag-ueberrock","12":"product_tag-wandelbarer-brautrock","14":"first","15":"instock","16":"taxable","17":"shipping-taxable","18":"purchasable","19":"product-type-variable","20":"has-default-attributes"},"aioseo_notices":[],"_links":{"self":[{"href":"https:\/\/vornelbride.de\/shop\/wp-json\/wp\/v2\/product\/483","targetHints":{"allow":["GET"]}}],"collection":[{"href":"https:\/\/vornelbride.de\/shop\/wp-json\/wp\/v2\/product"}],"about":[{"href":"https:\/\/vornelbride.de\/shop\/wp-json\/wp\/v2\/types\/product"}],"replies":[{"embeddable":true,"href":"https:\/\/vornelbride.de\/shop\/wp-json\/wp\/v2\/comments?post=483"}],"wp:featuredmedia":[{"embeddable":true,"href":"https:\/\/vornelbride.de\/shop\/wp-json\/wp\/v2\/media\/487"}],"wp:attachment":[{"href":"https:\/\/vornelbride.de\/shop\/wp-json\/wp\/v2\/media?parent=483"}],"wp:term":[{"taxonomy":"product_brand","embeddable":true,"href":"https:\/\/vornelbride.de\/shop\/wp-json\/wp\/v2\/product_brand?post=483"},{"taxonomy":"product_cat","embeddable":true,"href":"https:\/\/vornelbride.de\/shop\/wp-json\/wp\/v2\/product_cat?post=483"},{"taxonomy":"product_tag","embeddable":true,"href":"https:\/\/vornelbride.de\/shop\/wp-json\/wp\/v2\/product_tag?post=483"}],"curies":[{"name":"wp","href":"https:\/\/api.w.org\/{rel}","templated":true}]}}